{"id":2747,"date":"2023-05-01T11:12:55","date_gmt":"2023-05-01T09:12:55","guid":{"rendered":"https:\/\/www.espaceludopia.fr\/?page_id=2747"},"modified":"2023-05-01T11:12:56","modified_gmt":"2023-05-01T09:12:56","slug":"informacion-practica","status":"publish","type":"page","link":"https:\/\/www.espaceludopia.fr\/es\/informacion-practica\/","title":{"rendered":"Informacion practica"},"content":{"rendered":"\n<div class=\"wp-block-columns is-layout-flex wp-container-core-columns-is-layout-9d6595d7 wp-block-columns-is-layout-flex\">\n<div class=\"wp-block-column is-layout-flow wp-block-column-is-layout-flow\" style=\"flex-basis:66.66%\">\n<h2 class=\"wp-block-heading\">Horarios y periodos de apertura<\/h2>\n\n\n<div id=\"onk-simple-calendar\">\t\t<div class=\"onk-calendar-container\">\n\t\t\t<div class=\"calendar-header\">\n\t\t\t\t\t\t\t<a id=\"onk-calendar-prev\" class=\"onk-calendar-nav\" data-calendar_id=\"1\" data-month=\"4\" data-year=\"2026\">&lt;<\/a>\n\t\t\t\t<span class=\"h1-like\">May 2026<\/span>\n\t\t\t\t<a id=\"onk-calendar-next\" class=\"onk-calendar-nav\" data-calendar_id=\"1\" data-month=\"6\" data-year=\"2026\">&gt;<\/a>\n\t\t\t\t\t\t<\/div>\n\t\t\t\t\t\n\t\t\t\t\t\t<table class=\"onk-calendar-table\">\n\t\t\t\t<thead>\n\t\t\t\t\t<tr>\n\t\t\t\t\t\t\t\t\t\t\t<th>Mon<\/th>\n\t\t\t\t\t\t\t\t\t\t\t<th>Tue<\/th>\n\t\t\t\t\t\t\t\t\t\t\t<th>Wed<\/th>\n\t\t\t\t\t\t\t\t\t\t\t<th>Thu<\/th>\n\t\t\t\t\t\t\t\t\t\t\t<th>Fri<\/th>\n\t\t\t\t\t\t\t\t\t\t\t<th>Sat<\/th>\n\t\t\t\t\t\t\t\t\t\t\t<th>Sun<\/th>\n\t\t\t\t\t\t\t\t\t\t<\/tr>\n\t\t\t\t<\/thead>\n\t\t\t\t\t\t\t\t<tr>\n\t\t\t\t\t\t\t\t\t\t\t<td class=\"onk-calendar-other-month\">\n\t\t\t\t\t\t\t\t\t\t\t\t\t\t\t<div class=\"onk-calendar-day\" >27<\/div>\n\t\t\t\t\t\t\t\t\t\t\t\t\t<\/td>\n\t\t\t\t\t\t\t\t\t\t\t<td class=\"onk-calendar-other-month\">\n\t\t\t\t\t\t\t\t\t\t\t\t\t\t\t<div class=\"onk-calendar-day\" >28<\/div>\n\t\t\t\t\t\t\t\t\t\t\t\t\t<\/td>\n\t\t\t\t\t\t\t\t\t\t\t<td class=\"onk-calendar-other-month\">\n\t\t\t\t\t\t\t\t\t\t\t\t\t\t\t<div class=\"onk-calendar-day\" >29<\/div>\n\t\t\t\t\t\t\t\t\t\t\t\t\t<\/td>\n\t\t\t\t\t\t\t\t\t\t\t<td class=\"onk-calendar-other-month\">\n\t\t\t\t\t\t\t\t\t\t\t\t\t\t\t<div class=\"onk-calendar-day\" >30<\/div>\n\t\t\t\t\t\t\t\t\t\t\t\t\t<\/td>\n\t\t\t\t\t\t\t\t\t\t\t<td class=\"\">\n\t\t\t\t\t\t\t\t\t\t\t\t\t\t\t<div class=\"onk-calendar-day\" >01<\/div>\n\t\t\t\t\t\t\t\t\t\t\t\t\t<\/td>\n\t\t\t\t\t\t\t\t\t\t\t<td class=\"\">\n\t\t\t\t\t\t\t\t\t\t\t\t\t\t\t<div class=\"onk-calendar-day\" >02<\/div>\n\t\t\t\t\t\t\t\t\t\t\t\t\t<\/td>\n\t\t\t\t\t\t\t\t\t\t\t<td class=\"\">\n\t\t\t\t\t\t\t\t\t\t\t\t\t\t\t<div class=\"onk-calendar-day\" >03<\/div>\n\t\t\t\t\t\t\t\t\t\t\t\t\t<\/td>\n\t\t\t\t\t\t\t\t\t<\/tr>\n\t\t\t\t\t\t\t\t<tr>\n\t\t\t\t\t\t\t\t\t\t\t<td class=\"\">\n\t\t\t\t\t\t\t\t\t\t\t\t\t\t\t<div class=\"onk-calendar-day\" >04<\/div>\n\t\t\t\t\t\t\t\t\t\t\t\t\t<\/td>\n\t\t\t\t\t\t\t\t\t\t\t<td class=\"\">\n\t\t\t\t\t\t\t\t\t\t\t\t\t\t\t<div class=\"onk-calendar-day\" >05<\/div>\n\t\t\t\t\t\t\t\t\t\t\t\t\t<\/td>\n\t\t\t\t\t\t\t\t\t\t\t<td class=\"\">\n\t\t\t\t\t\t\t\t\t\t\t\t\t\t\t<div class=\"onk-calendar-day\" >06<\/div>\n\t\t\t\t\t\t\t\t\t\t\t\t\t<\/td>\n\t\t\t\t\t\t\t\t\t\t\t<td class=\"\">\n\t\t\t\t\t\t\t\t\t\t\t\t\t\t\t<div class=\"onk-calendar-day\" >07<\/div>\n\t\t\t\t\t\t\t\t\t\t\t\t\t<\/td>\n\t\t\t\t\t\t\t\t\t\t\t<td class=\"\">\n\t\t\t\t\t\t\t\t\t\t\t\t\t\t\t<div class=\"onk-calendar-day\" >08<\/div>\n\t\t\t\t\t\t\t\t\t\t\t\t\t<\/td>\n\t\t\t\t\t\t\t\t\t\t\t<td class=\"\">\n\t\t\t\t\t\t\t\t\t\t\t\t\t\t\t<div class=\"onk-calendar-day\" >09<\/div>\n\t\t\t\t\t\t\t\t\t\t\t\t\t<\/td>\n\t\t\t\t\t\t\t\t\t\t\t<td class=\"\">\n\t\t\t\t\t\t\t\t\t\t\t\t\t\t\t<div class=\"onk-calendar-day\" >10<\/div>\n\t\t\t\t\t\t\t\t\t\t\t\t\t<\/td>\n\t\t\t\t\t\t\t\t\t<\/tr>\n\t\t\t\t\t\t\t\t<tr>\n\t\t\t\t\t\t\t\t\t\t\t<td class=\"\">\n\t\t\t\t\t\t\t\t\t\t\t\t\t\t\t<div class=\"onk-calendar-day\" >11<\/div>\n\t\t\t\t\t\t\t\t\t\t\t\t\t<\/td>\n\t\t\t\t\t\t\t\t\t\t\t<td class=\"\">\n\t\t\t\t\t\t\t\t\t\t\t\t\t\t\t<div class=\"onk-calendar-day\" >12<\/div>\n\t\t\t\t\t\t\t\t\t\t\t\t\t<\/td>\n\t\t\t\t\t\t\t\t\t\t\t<td class=\"\">\n\t\t\t\t\t\t\t\t\t\t\t\t\t\t\t<div class=\"onk-calendar-day\" >13<\/div>\n\t\t\t\t\t\t\t\t\t\t\t\t\t<\/td>\n\t\t\t\t\t\t\t\t\t\t\t<td class=\"\">\n\t\t\t\t\t\t\t\t\t\t\t\t\t\t\t<div class=\"onk-calendar-day\" >14<\/div>\n\t\t\t\t\t\t\t\t\t\t\t\t\t<\/td>\n\t\t\t\t\t\t\t\t\t\t\t<td class=\"\">\n\t\t\t\t\t\t\t\t\t\t\t\t\t\t\t<div class=\"onk-calendar-day\" >15<\/div>\n\t\t\t\t\t\t\t\t\t\t\t\t\t<\/td>\n\t\t\t\t\t\t\t\t\t\t\t<td class=\"\">\n\t\t\t\t\t\t\t\t\t\t\t\t\t\t\t<div class=\"onk-calendar-day\" >16<\/div>\n\t\t\t\t\t\t\t\t\t\t\t\t\t<\/td>\n\t\t\t\t\t\t\t\t\t\t\t<td class=\"\">\n\t\t\t\t\t\t\t\t\t\t\t\t\t\t\t<div class=\"onk-calendar-day\" >17<\/div>\n\t\t\t\t\t\t\t\t\t\t\t\t\t<\/td>\n\t\t\t\t\t\t\t\t\t<\/tr>\n\t\t\t\t\t\t\t\t<tr>\n\t\t\t\t\t\t\t\t\t\t\t<td class=\"\">\n\t\t\t\t\t\t\t\t\t\t\t\t\t\t\t<div class=\"onk-calendar-day\" >18<\/div>\n\t\t\t\t\t\t\t\t\t\t\t\t\t<\/td>\n\t\t\t\t\t\t\t\t\t\t\t<td class=\"\">\n\t\t\t\t\t\t\t\t\t\t\t\t\t\t\t<div class=\"onk-calendar-day\" >19<\/div>\n\t\t\t\t\t\t\t\t\t\t\t\t\t<\/td>\n\t\t\t\t\t\t\t\t\t\t\t<td class=\"\">\n\t\t\t\t\t\t\t\t\t\t\t\t\t\t\t<div class=\"onk-calendar-day\" >20<\/div>\n\t\t\t\t\t\t\t\t\t\t\t\t\t<\/td>\n\t\t\t\t\t\t\t\t\t\t\t<td class=\"\">\n\t\t\t\t\t\t\t\t\t\t\t\t\t\t\t<div class=\"onk-calendar-day\" >21<\/div>\n\t\t\t\t\t\t\t\t\t\t\t\t\t<\/td>\n\t\t\t\t\t\t\t\t\t\t\t<td class=\"\">\n\t\t\t\t\t\t\t\t\t\t\t\t\t\t\t<div class=\"onk-calendar-day\" >22<\/div>\n\t\t\t\t\t\t\t\t\t\t\t\t\t<\/td>\n\t\t\t\t\t\t\t\t\t\t\t<td class=\"\">\n\t\t\t\t\t\t\t\t\t\t\t\t\t\t\t<div class=\"onk-calendar-day\" >23<\/div>\n\t\t\t\t\t\t\t\t\t\t\t\t\t<\/td>\n\t\t\t\t\t\t\t\t\t\t\t<td class=\"\">\n\t\t\t\t\t\t\t\t\t\t\t\t\t\t\t<div class=\"onk-calendar-day\" >24<\/div>\n\t\t\t\t\t\t\t\t\t\t\t\t\t<\/td>\n\t\t\t\t\t\t\t\t\t<\/tr>\n\t\t\t\t\t\t\t\t<tr>\n\t\t\t\t\t\t\t\t\t\t\t<td class=\"\">\n\t\t\t\t\t\t\t\t\t\t\t\t\t\t\t<div class=\"onk-calendar-day\" >25<\/div>\n\t\t\t\t\t\t\t\t\t\t\t\t\t<\/td>\n\t\t\t\t\t\t\t\t\t\t\t<td class=\"\">\n\t\t\t\t\t\t\t\t\t\t\t\t\t\t\t<div class=\"onk-calendar-day\" >26<\/div>\n\t\t\t\t\t\t\t\t\t\t\t\t\t<\/td>\n\t\t\t\t\t\t\t\t\t\t\t<td class=\"\">\n\t\t\t\t\t\t\t\t\t\t\t\t\t\t\t<div class=\"onk-calendar-day\" >27<\/div>\n\t\t\t\t\t\t\t\t\t\t\t\t\t<\/td>\n\t\t\t\t\t\t\t\t\t\t\t<td class=\"\">\n\t\t\t\t\t\t\t\t\t\t\t\t\t\t\t<div class=\"onk-calendar-day\" >28<\/div>\n\t\t\t\t\t\t\t\t\t\t\t\t\t<\/td>\n\t\t\t\t\t\t\t\t\t\t\t<td class=\"\">\n\t\t\t\t\t\t\t\t\t\t\t\t\t\t\t<div class=\"onk-calendar-day\" >29<\/div>\n\t\t\t\t\t\t\t\t\t\t\t\t\t<\/td>\n\t\t\t\t\t\t\t\t\t\t\t<td class=\"\">\n\t\t\t\t\t\t\t\t\t\t\t\t\t\t\t<div class=\"onk-calendar-day\" >30<\/div>\n\t\t\t\t\t\t\t\t\t\t\t\t\t<\/td>\n\t\t\t\t\t\t\t\t\t\t\t<td class=\"\">\n\t\t\t\t\t\t\t\t\t\t\t\t\t\t\t<div class=\"onk-calendar-day\" >31<\/div>\n\t\t\t\t\t\t\t\t\t\t\t\t\t<\/td>\n\t\t\t\t\t\t\t\t\t<\/tr>\n\t\t\t\t\t\t\t<\/table>\n\t\t\t\n\t\t\t\n\t\t\t\t\t\t\t<div class=\"onk-calendar-legend\">\n\t\t\t\t\t<ul>\n\t\t\t\t\t\t\t\t\t\t\t<li><span class=\"onk-legend-color\" style=\"background-color:#e23318;\"><\/span>\n\t\t\t\t\t\t\t<span>Ouvert de 12h00 \u00e0 17h00<small><\/small><\/span>\n\t\t\t\t\t\t<\/li>\t\t\n\t\t\t\t\t\t\t\t\t\t\t<li><span class=\"onk-legend-color\" style=\"background-color:#ffb600;\"><\/span>\n\t\t\t\t\t\t\t<span>Ouvert de 11h30 \u00e0 17h30<small>fermeture billetterie 16h<\/small><\/span>\n\t\t\t\t\t\t<\/li>\t\t\n\t\t\t\t\t\t\t\t\t\t\t<li><span class=\"onk-legend-color\" style=\"background-color:#001f6d;\"><\/span>\n\t\t\t\t\t\t\t<span>Fermeture Condition M\u00e9t\u00e9o<small>Mise a jour le jour m\u00eame possible<\/small><\/span>\n\t\t\t\t\t\t<\/li>\t\t\n\t\t\t\t\t\t\t\t\t\t\t<li><span class=\"onk-legend-color\" style=\"background-color:#2b9eb3;\"><\/span>\n\t\t\t\t\t\t\t<span>Ouvert de 10h00 \u00e0 19h00<small><\/small><\/span>\n\t\t\t\t\t\t<\/li>\t\t\n\t\t\t\t\t\t\t\t\t\t\t<li><span class=\"onk-legend-color\" style=\"background-color:#4baf48;\"><\/span>\n\t\t\t\t\t\t\t<span>Sur reservation <small>(t\u00e9l\u00e9phone, site internet, mail : J-24h)<\/small><\/span>\n\t\t\t\t\t\t<\/li>\t\t\n\t\t\t\t\t\t\t\t\t\t\t<li><span class=\"onk-legend-color\" style=\"background-color:#d1d1d1;\"><\/span>\n\t\t\t\t\t\t\t<span>Ferm\u00e9<small>Sur r\u00e9servation pour les groupes<\/small><\/span>\n\t\t\t\t\t\t<\/li>\t\t\n\t\t\t\t\t\t\t\t\t\t<\/ul>\n\t\t\t\t<\/div>\n\t\t\t\t\t\t\n\t\t<\/div>\n\t\t<\/div>\n\n\n\n<p>\u00a1Nuestro folleto se puede descargar <a rel=\"noreferrer noopener\" href=\"https:\/\/www.espaceludopia.fr\/wp-content\/uploads\/2020\/07\/Flyer-Ludopia.pdf\" target=\"_blank\">aqu\u00ed<\/a>!<\/p>\n\n\n\n<p>En la entrada del parque hay disponible gel hidroalcoh\u00f3lico <\/p>\n\n\n\n<p>Complete su jornada descubriendo nuestro segundo parque : <a rel=\"noreferrer noopener\" href=\"https:\/\/www.oba-o.fr\/\" data-type=\"URL\" data-id=\"https:\/\/www.oba-o.fr\/\" target=\"_blank\">OBA&#8217;O<\/a><\/p>\n<\/div>\n\n\n\n<div class=\"wp-block-column is-layout-flow wp-block-column-is-layout-flow\" style=\"flex-basis:33.33%\">\n<h2 class=\"wp-block-heading\">Nuestras tarifas<\/h2>\n\n\n\n<p><strong><strong>Tarifa \u00fanica: 11\u20ac<\/strong><\/strong><\/p>\n\n\n\n<p><strong><strong>&lt;4 a\u00f1os: gratis<\/strong><\/strong><\/p>\n\n\n\n<p>Tarifa Tribu: -10% a partir de la quinta entrada<\/p>\n\n\n\n<p>Ludopia + <a rel=\"noreferrer noopener\" href=\"http:\/\/www.oba-o.fr\" data-type=\"URL\" data-id=\"www.oba-o.fr\" target=\"_blank\">Oba\u2019o<\/a>&nbsp;: 32 \u20ac (1 ludopia +1  balan\u00e7oire +1 pack foret) valable 1an<\/p>\n\n\n\n<p>Cheque de vacaciones, tarjeta y cheque<\/p>\n\n\n\n<p>Reserva \u00fanicamente para grupos \u2013 \u00a1Quedaos todo el tiempo que quer\u00e1is!<\/p>\n\n\n\n<div style=\"height:30px\" aria-hidden=\"true\" class=\"wp-block-spacer\"><\/div>\n\n\n\t\r\n\t<div class=\"ludopia-coupon\">\r\n\t\t<div class=\"h2-like coupon-title\">\u00a1Reserva ya tus entradas!<\/div>\t\t<div class=\"coupon-content\"><p>Tarifa \u00fanica: 11\u20ac\u00a0 \u00a0<4 a\u00f1os: gratis\n<\/p>\n<\/div>\t\t<a class=\"btn\" href=\"https:\/\/reservation.elloha.com\/?idPublication=eb3541b5-555b-484b-b821-518d5ca9a158&#038;idoi=519a103b-8a4b-4114-8dfb-bb834b0d034f&#038;culture=fr-FR&#038;searchFirstAvailableDates=1%20\">Reservar en l\u00ednea<\/a>\t<\/div>\r\n\t\r\n\t<\/div>\n<\/div>\n\n\n\n<h2 class=\"wp-block-heading\"><strong>Cheque regalo para sorprender, <u>\u00a1<\/u><\/strong><a rel=\"noreferrer noopener\" href=\"https:\/\/reservation.elloha.com\/?idPublication=eb3541b5-555b-484b-b821-518d5ca9a158&amp;idoi=519a103b-8a4b-4114-8dfb-bb834b0d034f&amp;culture=fr-FR&amp;searchFirstAvailableDates=1\" target=\"_blank\"><strong>pide aqu\u00ed tu cheque regalo<\/strong><\/a><strong>!<\/strong><\/h2>\n\n\n\n<p><\/p>\n\n\n\n<figure class=\"wp-block-image size-large is-resized\"><img decoding=\"async\" src=\"https:\/\/www.espaceludopia.fr\/wp-content\/uploads\/2022\/03\/Bon-cadeau1-1024x512.png\" alt=\"Cheque cadeau loisirs\" class=\"wp-image-2049\" width=\"1024\" height=\"512\" srcset=\"https:\/\/www.espaceludopia.fr\/wp-content\/uploads\/2022\/03\/Bon-cadeau1-1024x512.png 1024w, https:\/\/www.espaceludopia.fr\/wp-content\/uploads\/2022\/03\/Bon-cadeau1-300x150.png 300w, https:\/\/www.espaceludopia.fr\/wp-content\/uploads\/2022\/03\/Bon-cadeau1-768x384.png 768w, https:\/\/www.espaceludopia.fr\/wp-content\/uploads\/2022\/03\/Bon-cadeau1-1536x768.png 1536w, https:\/\/www.espaceludopia.fr\/wp-content\/uploads\/2022\/03\/Bon-cadeau1.png 2048w\" sizes=\"(max-width: 1024px) 100vw, 1024px\" \/><figcaption class=\"wp-element-caption\">Cheque regalo<\/figcaption><\/figure>\n\n\n\n<div class=\"wp-block-group alignfull mountain-bg\"><div class=\"wp-block-group__inner-container is-layout-flow wp-block-group-is-layout-flow\">\n<div style=\"height:20px\" aria-hidden=\"true\" class=\"wp-block-spacer\"><\/div>\n\n\n\n<h2 class=\"wp-block-heading\">Nuestros consejos para preparar tu visita a Ludopia<\/h2>\n\n\n\n<div class=\"wp-block-columns is-layout-flex wp-container-core-columns-is-layout-9d6595d7 wp-block-columns-is-layout-flex\">\n<div class=\"wp-block-column is-layout-flow wp-block-column-is-layout-flow\">\n<p>El parque est\u00e1 pensado para todos los ni\u00f1os de 2 a 99 a\u00f1os\u2026<\/p>\n\n\n\n<p>El recorrido es de f\u00e1cil acceso, no es necesario tener una forma f\u00edsica particular.<\/p>\n\n\n\n<p>La libre circulaci\u00f3n de los ni\u00f1os de todas las edades es responsabilidad de los padres, acompa\u00f1antes y responsables de los grupos.<\/p>\n\n\n\n<p>La seguridad de los visitantes est\u00e1 garantizada en cada actividad por la lectura y el respeto de las instrucciones de uso.<\/p>\n\n\n\n<p>Grupos bajo reserva. Espacio accesible para las personas con movilidad reducida.<\/p>\n\n\n\n<p>No se admiten animales de compa\u00f1\u00eda en el parque (salvo perros gu\u00eda).<\/p>\n\n\n\n<p>Para aprovechar correctamente Ludopia, recomendamos llegar al menos 2 horas antes del cierre.<\/p>\n<\/div>\n\n\n\n<div class=\"wp-block-column is-layout-flow wp-block-column-is-layout-flow\">\n<p>Recomendamos calzado deportivo y ropa c\u00f3moda.<\/p>\n\n\n\n<p>Nuestro parque puede cerrar dependiendo de las condiciones meteorol\u00f3gicas. Para aseguraros, pod\u00e9is llamar, consultar M\u00e9t\u00e9o60 o M\u00e9t\u00e9o France.<\/p>\n\n\n\n<p>Gracias a nuestra webcam, \u00a1pod\u00e9is saber en directo qu\u00e9 tiempo hace!<\/p>\n\n\n\n<p>\u00bfTe apetece pasar unos d\u00edas en el valle de Aspe?<\/p>\n\n\n\n<p>Organiza tu estancia en <a href=\"https:\/\/www.pyrenees-bearnaises.com\/\" target=\"_blank\" rel=\"noreferrer noopener\">pyrenees-bearnaises.com<\/a> o en el tel\u00e9fono +33 05 59 34 57 57.<\/p>\n\n\n\n<p>Descarga nuestro folleto.<\/p>\n\n\n\n<p>\u00bfEst\u00e1s buscando una actividad para hacer en familia o con ni\u00f1os? El parque Ludopia, en B\u00e9arn (Francia), tiene justo lo que necesitas.<\/p>\n\n\n\n<p><a id=\"_msocom_1\"><\/a><\/p>\n<\/div>\n<\/div>\n<\/div><\/div>\n\n\n\n<div class=\"wp-block-columns is-layout-flex wp-container-core-columns-is-layout-9d6595d7 wp-block-columns-is-layout-flex\">\n<div class=\"wp-block-column is-layout-flow wp-block-column-is-layout-flow\">\n<h2 class=\"wp-block-heading\">C\u00f3mo llegar al parque Ludopia<\/h2>\n\n\n\n<p>Pointe de Bullasque Route de Jouers 64490 Accous (Francia).<\/p>\n\n\n\n<p>Tel : <strong>+33(0)7 68 34 98 61<\/strong><\/p>\n\n\n\n<p>Acceso desde Pau, seguir hacia Oloron Sainte Marie, y despu\u00e9s direcci\u00f3n Zaragoza<br>GPS: Latitud: 42\u00b058\u201951.6N \/ Longitud: 0\u00b036\u201902.5&nbsp;\u00bbO<\/p>\n\n\n\n<p><strong>En coche<\/strong><\/p>\n\n\n\n<p>Oloron (Francia): 25min<br>Pau (Francia): 1h<br>Jaca: 50min<br>Villan\u00faa: 40min<br>Huesca: 1h40min<br>Pamplona: 2h10min<br>Zaragoza: 2h20min<\/p>\n\n\n\n<p>Si vienes por la parte francesa, desde Pau o desde Oloron,<strong> \u00a1el tren tambi\u00e9n es una opci\u00f3n!<\/strong> Adem\u00e1s, hay tarifas especiales para grupos (tarifa tribu y grupo en la red ferroviaria TER Aquitaine). Tambi\u00e9n hay autob\u00fas (direcci\u00f3n Canfranc, parada Skate Park) o puedes completar el trayecto en bici entre Bedous y Accous.<\/p>\n<\/div>\n\n\n\n<div class=\"wp-block-column is-layout-flow wp-block-column-is-layout-flow\">\n<h2 class=\"wp-block-heading\">Buscar trenes<\/h2>\n\n\n\n<div class=\"container-iframe\">\n<iframe loading=\"lazy\" src=\"https:\/\/www.ter.sncf.com\/nouvelle-aquitaine\/marque-grise\" border=\"0\" width=\"640\" height=\"550\"><\/iframe>\n<\/div>\n\n\n\n<div style=\"height:30px\" aria-hidden=\"true\" class=\"wp-block-spacer\"><\/div>\n\n\n\n<div class=\"wp-block-buttons is-horizontal is-content-justification-center is-layout-flex wp-container-core-buttons-is-layout-499968f5 wp-block-buttons-is-layout-flex\">\n<div class=\"wp-block-button\"><a class=\"wp-block-button__link wp-element-button\" href=\"https:\/www.ter.sncf.com\/nouvelle-aquitaine\/marque-grise\" target=\"_blank\" rel=\"https:\/www.ter.sncf.com\/nouvelle-aquitaine\/marque-grise noopener\">Ir en train<\/a><\/div>\n<\/div>\n<\/div>\n<\/div>\n\n\n\n<h2 class=\"wp-block-heading\">Itinerario hacia el parque<\/h2>\n\n\n\t\t\t<div id=\"osm-map\"  data-lat=\"42.981709\" data-lng=\"-0.600576\" ><\/div>\r\n\t\t\n\n\n\n<div style=\"height:30px\" aria-hidden=\"true\" class=\"wp-block-spacer\"><\/div>\n\n\n\n<div class=\"wp-block-buttons is-horizontal is-content-justification-center is-layout-flex wp-container-core-buttons-is-layout-499968f5 wp-block-buttons-is-layout-flex\">\n<div class=\"wp-block-button\"><a class=\"wp-block-button__link wp-element-button\" href=\"https:\/\/www.google.com\/maps\/dir\/\/''\/@42.980872,-0.6355526,13z\/data=!4m9!4m8!1m0!1m5!1m1!1s0x0:0xfa0ee59542a9448c!2m2!1d-0.6005332!2d42.9808145!3e0\" target=\"_blank\" rel=\"noreferrer noopener\">Calcula tu ruta<\/a><\/div>\n<\/div>\n\n\n\n<h2 class=\"wp-block-heading\"><strong>Alquiler \u2013 Animaci\u00f3n \u2013 Cumplea\u00f1os \u2013 Empresas\u2026<\/strong><\/h2>\n\n\n\n<p>Lo que os proponemos durante un d\u00eda o medio d\u00eda es <strong>alquilar juegos <\/strong>para fiestas y eventos: cumplea\u00f1os, fiestas familiares, bodas, despedidas de soltera, despedidas de soltero, eventos de empresa\u2026<\/p>\n\n\n\n<p>Nuestros juegos gigantes de madera est\u00e1n pensados para ni\u00f1os y adultos y son una receta incre\u00edble para pasar un rato lleno de alegr\u00eda y buen humor. Os garantizamos momentos de convivencia e intercambio y una ocasi\u00f3n genial para compartir.<\/p>\n\n\n\n<p>Algunos juegos conocidos como Jenga, Gruy\u00e8re, billar japon\u00e9s, juegos tradicionales bretones, cuatro en raya y otros juegos de mesa \u00a1son al mismo tiempo actividades intergeneracionales y divertidas!<\/p>\n\n\n\n<p>No dudes en <a href=\"\/contacto\/\">contactar con nosotros<\/a>\u00a0para solicitar un presupuesto o para resolver cualquier duda.<\/p>\n\n\n\n<div style=\"height:50px\" aria-hidden=\"true\" class=\"wp-block-spacer\"><\/div>\n\n\n\n<div class=\"wp-block-buttons is-horizontal is-content-justification-center is-layout-flex wp-container-core-buttons-is-layout-499968f5 wp-block-buttons-is-layout-flex\">\n<div class=\"wp-block-button\"><a class=\"wp-block-button__link wp-element-button\" href=\"\/infos-pratiques\/nos-offres-danimations\/\">Descubre nuestras propuestas de animaci\u00f3n<\/a><\/div>\n<\/div>\n\n\n\n<p><\/p>\n","protected":false},"excerpt":{"rendered":"<p>Horarios y periodos de apertura \u00a1Nuestro folleto se puede descargar aqu\u00ed! En la entrada del parque hay disponible gel hidroalcoh\u00f3lico Complete su jornada descubriendo nuestro [&hellip;]<\/p>\n","protected":false},"author":1,"featured_media":2335,"parent":0,"menu_order":0,"comment_status":"closed","ping_status":"closed","template":"","meta":{"_acf_changed":false,"_seopress_robots_primary_cat":"","_seopress_titles_title":"","_seopress_titles_desc":"","_seopress_robots_index":"","footnotes":""},"class_list":["post-2747","page","type-page","status-publish","has-post-thumbnail"],"acf":[],"_links":{"self":[{"href":"https:\/\/www.espaceludopia.fr\/es\/wp-json\/wp\/v2\/pages\/2747","targetHints":{"allow":["GET"]}}],"collection":[{"href":"https:\/\/www.espaceludopia.fr\/es\/wp-json\/wp\/v2\/pages"}],"about":[{"href":"https:\/\/www.espaceludopia.fr\/es\/wp-json\/wp\/v2\/types\/page"}],"author":[{"embeddable":true,"href":"https:\/\/www.espaceludopia.fr\/es\/wp-json\/wp\/v2\/users\/1"}],"replies":[{"embeddable":true,"href":"https:\/\/www.espaceludopia.fr\/es\/wp-json\/wp\/v2\/comments?post=2747"}],"version-history":[{"count":2,"href":"https:\/\/www.espaceludopia.fr\/es\/wp-json\/wp\/v2\/pages\/2747\/revisions"}],"predecessor-version":[{"id":2751,"href":"https:\/\/www.espaceludopia.fr\/es\/wp-json\/wp\/v2\/pages\/2747\/revisions\/2751"}],"wp:featuredmedia":[{"embeddable":true,"href":"https:\/\/www.espaceludopia.fr\/es\/wp-json\/wp\/v2\/media\/2335"}],"wp:attachment":[{"href":"https:\/\/www.espaceludopia.fr\/es\/wp-json\/wp\/v2\/media?parent=2747"}],"curies":[{"name":"wp","href":"https:\/\/api.w.org\/{rel}","templated":true}]}}