{"id":2709,"date":"2023-05-01T10:15:49","date_gmt":"2023-05-01T08:15:49","guid":{"rendered":"https:\/\/www.espaceludopia.fr\/?page_id=2709"},"modified":"2023-05-01T10:15:50","modified_gmt":"2023-05-01T08:15:50","slug":"aviso-legal","status":"publish","type":"page","link":"https:\/\/www.espaceludopia.fr\/es\/aviso-legal\/","title":{"rendered":"Aviso legal"},"content":{"rendered":"\n<p class=\"has-text-align-left\">Seg\u00fan lo dispuesto en el art\u00edculo 6 de la Ley francesa de 21 de junio de 2004, <em>pour la confiance dans l\u2019\u00e9conomie num\u00e9rique,<\/em> les informamos de que este servicio de comunicaci\u00f3n al p\u00fablico en l\u00ednea est\u00e1 proporcionado por:<\/p>\n\n\n\n<h2 class=\"wp-block-heading\">Este sitio web est\u00e1 editado por: <\/h2>\n\n\n\n<p>Ludopia, con domicilio social en Route de Bedous 64490 Osse en Aspe (Francia)<\/p>\n\n\n\n<p>SIRET : 79486870300016<br>C\u00f3digo APE : 9321Z<\/p>\n\n\n\n<p>Tel\u00e9fono:\u00a0+33 07 83 01 35 46<br>Direcci\u00f3n de correo electr\u00f3nico:\u00a0<a href=\"mailto:espaceludopia@gmail.com\">espaceludopia@gmail.com<\/a><br><\/p>\n\n\n\n<p>Directora de la publicaci\u00f3n: Myriem Ewann<br>Responsable del sitio web: Myriem Ewann<\/p>\n\n\n\n<div class=\"wp-block-columns has-2-columns is-layout-flex wp-container-core-columns-is-layout-9d6595d7 wp-block-columns-is-layout-flex\">\n<div class=\"wp-block-column is-layout-flow wp-block-column-is-layout-flow\">\n<h2 class=\"wp-block-heading\">Este sitio est\u00e1 alojado por:<\/h2>\n\n\n\n<p>SARL O2Switch<br>222 Boulevard Gustave Flaubert<br>63000 Clermond-Ferrand (Francia)<\/p>\n\n\n\n<p>SIRET : 510 909 80700024<br>RCS : Clermond-Ferrand<\/p>\n\n\n\n<p>Tel\u00e9fono: +33 04 44 44 60 40<\/p>\n<\/div>\n\n\n\n<div class=\"wp-block-column is-layout-flow wp-block-column-is-layout-flow\">\n<h2 class=\"wp-block-heading\"><strong>Creaci\u00f3n del sitio por:<\/strong><\/h2>\n\n\n\n<p>Agence Onokaa<br>14 avenue du stade nautique<br>64000 Pau (Francia)<\/p>\n\n\n\n<p>SIRET : 83394811000022<\/p>\n\n\n\n<p>Tel\u00e9fono: +33 07 63 48 03 30<br>Direcci\u00f3n de correo electr\u00f3nico: contact@onokaa.com<br>Sitio web: <a href=\"https:\/\/www.onokaa.com\/\">https:\/\/www.onokaa.com<\/a><\/p>\n\n\n\n<p><strong>Traducci\u00f3n espa\u00f1ola del sitio web por:<\/strong> Laura Portol\u00e9s<br>Traductora <em>freelance<\/em><\/p>\n\n\n\n<p><a id=\"_msocom_1\"><\/a><\/p>\n<\/div>\n<\/div>\n","protected":false},"excerpt":{"rendered":"<p>Seg\u00fan lo dispuesto en el art\u00edculo 6 de la Ley francesa de 21 de junio de 2004, pour la confiance dans l\u2019\u00e9conomie num\u00e9rique, les informamos [&hellip;]<\/p>\n","protected":false},"author":1,"featured_media":0,"parent":0,"menu_order":0,"comment_status":"closed","ping_status":"closed","template":"","meta":{"_acf_changed":false,"_seopress_robots_primary_cat":"","_seopress_titles_title":"","_seopress_titles_desc":"","_seopress_robots_index":"","footnotes":""},"class_list":["post-2709","page","type-page","status-publish"],"acf":[],"_links":{"self":[{"href":"https:\/\/www.espaceludopia.fr\/es\/wp-json\/wp\/v2\/pages\/2709","targetHints":{"allow":["GET"]}}],"collection":[{"href":"https:\/\/www.espaceludopia.fr\/es\/wp-json\/wp\/v2\/pages"}],"about":[{"href":"https:\/\/www.espaceludopia.fr\/es\/wp-json\/wp\/v2\/types\/page"}],"author":[{"embeddable":true,"href":"https:\/\/www.espaceludopia.fr\/es\/wp-json\/wp\/v2\/users\/1"}],"replies":[{"embeddable":true,"href":"https:\/\/www.espaceludopia.fr\/es\/wp-json\/wp\/v2\/comments?post=2709"}],"version-history":[{"count":1,"href":"https:\/\/www.espaceludopia.fr\/es\/wp-json\/wp\/v2\/pages\/2709\/revisions"}],"predecessor-version":[{"id":2712,"href":"https:\/\/www.espaceludopia.fr\/es\/wp-json\/wp\/v2\/pages\/2709\/revisions\/2712"}],"wp:attachment":[{"href":"https:\/\/www.espaceludopia.fr\/es\/wp-json\/wp\/v2\/media?parent=2709"}],"curies":[{"name":"wp","href":"https:\/\/api.w.org\/{rel}","templated":true}]}}