{"id":2692,"date":"2023-05-01T10:05:21","date_gmt":"2023-05-01T08:05:21","guid":{"rendered":"https:\/\/www.espaceludopia.fr\/?page_id=2692"},"modified":"2023-05-01T10:06:35","modified_gmt":"2023-05-01T08:06:35","slug":"familia-y-tribu","status":"publish","type":"page","link":"https:\/\/www.espaceludopia.fr\/es\/familia-y-tribu\/","title":{"rendered":"Familia y tribu"},"content":{"rendered":"\n<div class=\"wp-block-columns is-layout-flex wp-container-core-columns-is-layout-9d6595d7 wp-block-columns-is-layout-flex\">\n<div class=\"wp-block-column is-layout-flow wp-block-column-is-layout-flow\" style=\"flex-basis:66.66%\">\n<p>El parque ofrece una tarifa especial para tribus, \u00a1nos encanta que Ludopia sea el lugar perfecto para reencontrarse con la familia y los amigos!<\/p>\n\n\n\n<p><a href=\"https:\/\/www.espaceludopia.fr\/infos-pratiques\/\"> Tarifas y horarios<\/a><\/p>\n\n\n\n<p>Tendr\u00e9is la oportunidad de crear recuerdos en com\u00fan y de alimentar vuestros \u00e1lbumes de fotos con momentos inolvidables \u00a1y s\u00faper divertidos!<\/p>\n\n\n\n<p>Ludopia aspira a ser un espacio en el que los ni\u00f1os puedan seguir sus impulsos naturales ante distintas actividades. De hecho, esta es la base com\u00fan que aglutina a varios <strong>m\u00e9todos pedag\u00f3gicos alternativos como la metodolog\u00eda <\/strong><strong>Montessori<\/strong> o las t\u00e9cnicas de Freinet.<\/p>\n\n\n\n<p>Son muchos los expertos que identifican un mayor entusiasmo por aprender y descubrir cuando los ni\u00f1os disfrutan de un entorno con <strong>gran libertad<\/strong>. As\u00ed, el ni\u00f1o, mediante un enfoque constructivista, interact\u00faa con otros ni\u00f1os y con los adultos que le acompa\u00f1an.<\/p>\n\n\n\n<p>El principal objetivo es que los ni\u00f1os puedan <strong>desarrollarse y<\/strong> <strong>divertirse<\/strong><strong> <\/strong>en un ambiente diferente al habitual. Ludopia es tambi\u00e9n un terreno de juego que facilita los intercambios generacionales y propicia las reuniones aprovechando un cumplea\u00f1os, un fin de semana entre amigos, una fiesta familiar\u2026 \u00a1cualquier excusa es buena para <em>ludopiar<\/em>! Para eso, nos encargamos de ofrecer todas las facilidades que har\u00e1n de vuestro evento una jornada inolvidable.<\/p>\n\n\n\n<p>Espacio de juego <strong>parcialmente cubierto<\/strong><strong> <\/strong>(3 horas de juego de media).<\/p>\n<\/div>\n\n\n\n<div class=\"wp-block-column is-layout-flow wp-block-column-is-layout-flow\" style=\"flex-basis:33.33%\">\t\r\n\t<div class=\"ludopia-coupon\">\r\n\t\t<div class=\"h2-like coupon-title\">\u00a1Reserva ya tus entradas!<\/div>\t\t<div class=\"coupon-content\"><p>Tarifa \u00fanica: 10\u20ac\u00a0 \u00a0 \u00a0 &lt;4 a\u00f1os: gratis<\/p>\n<p style=\"text-align: center;\"><em>-10% a partir de la 5\u00aa entrada<\/em><\/p>\n<\/div>\t\t<a class=\"btn\" href=\"https:\/\/reservation.elloha.com\/?idPublication=eb3541b5-555b-484b-b821-518d5ca9a158&#038;idoi=519a103b-8a4b-4114-8dfb-bb834b0d034f&#038;culture=fr-FR&#038;searchFirstAvailableDates=1\">Reservar en l\u00ednea<\/a>\t<\/div>\r\n\t\r\n\t<\/div>\n<\/div>\n\n\n\n<div class=\"wp-block-group alignfull mountain-bg\"><div class=\"wp-block-group__inner-container is-layout-flow wp-block-group-is-layout-flow\">\n<div class=\"wp-block-blockgallery-carousel alignwide\"><div class=\"is-cropped blockgallery has-caption-style-dark has-horizontal-gutter\"><div class=\"has-carousel has-carousel-lrg\" style=\"height:500px\" data-flickity=\"{&quot;autoPlay&quot;:false,&quot;draggable&quot;:true,&quot;pageDots&quot;:false,&quot;prevNextButtons&quot;:true,&quot;wrapAround&quot;:true,&quot;arrowShape&quot;:{&quot;x0&quot;:10,&quot;x1&quot;:60,&quot;y1&quot;:50,&quot;x2&quot;:65,&quot;y2&quot;:45,&quot;x3&quot;:20}}\"><div class=\"blockgallery--item\"><figure class=\"blockgallery--figure has-margin-left-15 has-margin-left-mobile-15 has-margin-right-15 has-margin-right-mobile-15\"><img decoding=\"async\" width=\"1024\" height=\"683\" src=\"https:\/\/www.espaceludopia.fr\/wp-content\/uploads\/2020\/05\/LUDOPIA27246HAUTE_Res-1024x683.jpg\" alt=\"\" data-id=\"533\" data-link=\"https:\/\/www.espaceludopia.fr\/famille-tribu\/ludopia27246haute_res\/\" class=\"wp-image-533\" srcset=\"https:\/\/www.espaceludopia.fr\/wp-content\/uploads\/2020\/05\/LUDOPIA27246HAUTE_Res-1024x683.jpg 1024w, https:\/\/www.espaceludopia.fr\/wp-content\/uploads\/2020\/05\/LUDOPIA27246HAUTE_Res-300x200.jpg 300w, https:\/\/www.espaceludopia.fr\/wp-content\/uploads\/2020\/05\/LUDOPIA27246HAUTE_Res-768x513.jpg 768w, https:\/\/www.espaceludopia.fr\/wp-content\/uploads\/2020\/05\/LUDOPIA27246HAUTE_Res-1536x1025.jpg 1536w, https:\/\/www.espaceludopia.fr\/wp-content\/uploads\/2020\/05\/LUDOPIA27246HAUTE_Res-2048x1367.jpg 2048w\" sizes=\"(max-width: 1024px) 100vw, 1024px\" \/><\/figure><\/div><div class=\"blockgallery--item\"><figure class=\"blockgallery--figure has-margin-left-15 has-margin-left-mobile-15 has-margin-right-15 has-margin-right-mobile-15\"><img decoding=\"async\" width=\"1024\" height=\"683\" src=\"https:\/\/www.espaceludopia.fr\/wp-content\/uploads\/2020\/05\/LUDOPIA27247HAUTE_Res-1024x683.jpg\" alt=\"\" data-id=\"534\" data-link=\"https:\/\/www.espaceludopia.fr\/famille-tribu\/ludopia27247haute_res\/\" class=\"wp-image-534\" srcset=\"https:\/\/www.espaceludopia.fr\/wp-content\/uploads\/2020\/05\/LUDOPIA27247HAUTE_Res-1024x683.jpg 1024w, https:\/\/www.espaceludopia.fr\/wp-content\/uploads\/2020\/05\/LUDOPIA27247HAUTE_Res-300x200.jpg 300w, https:\/\/www.espaceludopia.fr\/wp-content\/uploads\/2020\/05\/LUDOPIA27247HAUTE_Res-768x513.jpg 768w, https:\/\/www.espaceludopia.fr\/wp-content\/uploads\/2020\/05\/LUDOPIA27247HAUTE_Res-1536x1025.jpg 1536w, https:\/\/www.espaceludopia.fr\/wp-content\/uploads\/2020\/05\/LUDOPIA27247HAUTE_Res-2048x1367.jpg 2048w\" sizes=\"(max-width: 1024px) 100vw, 1024px\" \/><\/figure><\/div><div class=\"blockgallery--item\"><figure class=\"blockgallery--figure has-margin-left-15 has-margin-left-mobile-15 has-margin-right-15 has-margin-right-mobile-15\"><img decoding=\"async\" width=\"1024\" height=\"683\" src=\"https:\/\/www.espaceludopia.fr\/wp-content\/uploads\/2020\/05\/LUDOPIA27256HAUTE_Res-1024x683.jpg\" alt=\"\" data-id=\"535\" data-link=\"https:\/\/www.espaceludopia.fr\/famille-tribu\/ludopia27256haute_res\/\" class=\"wp-image-535\" srcset=\"https:\/\/www.espaceludopia.fr\/wp-content\/uploads\/2020\/05\/LUDOPIA27256HAUTE_Res-1024x683.jpg 1024w, https:\/\/www.espaceludopia.fr\/wp-content\/uploads\/2020\/05\/LUDOPIA27256HAUTE_Res-300x200.jpg 300w, https:\/\/www.espaceludopia.fr\/wp-content\/uploads\/2020\/05\/LUDOPIA27256HAUTE_Res-768x513.jpg 768w, https:\/\/www.espaceludopia.fr\/wp-content\/uploads\/2020\/05\/LUDOPIA27256HAUTE_Res-1536x1025.jpg 1536w, https:\/\/www.espaceludopia.fr\/wp-content\/uploads\/2020\/05\/LUDOPIA27256HAUTE_Res-2048x1367.jpg 2048w\" sizes=\"(max-width: 1024px) 100vw, 1024px\" \/><\/figure><\/div><div class=\"blockgallery--item\"><figure class=\"blockgallery--figure has-margin-left-15 has-margin-left-mobile-15 has-margin-right-15 has-margin-right-mobile-15\"><img decoding=\"async\" width=\"1024\" height=\"731\" src=\"https:\/\/www.espaceludopia.fr\/wp-content\/uploads\/2020\/05\/Ludopia33315Baisse2K-1024x731.jpg\" alt=\"\" data-id=\"536\" data-link=\"https:\/\/www.espaceludopia.fr\/famille-tribu\/ludopia33315baisse2k\/\" class=\"wp-image-536\" srcset=\"https:\/\/www.espaceludopia.fr\/wp-content\/uploads\/2020\/05\/Ludopia33315Baisse2K-1024x731.jpg 1024w, https:\/\/www.espaceludopia.fr\/wp-content\/uploads\/2020\/05\/Ludopia33315Baisse2K-300x214.jpg 300w, https:\/\/www.espaceludopia.fr\/wp-content\/uploads\/2020\/05\/Ludopia33315Baisse2K-768x548.jpg 768w, https:\/\/www.espaceludopia.fr\/wp-content\/uploads\/2020\/05\/Ludopia33315Baisse2K-1536x1097.jpg 1536w, https:\/\/www.espaceludopia.fr\/wp-content\/uploads\/2020\/05\/Ludopia33315Baisse2K.jpg 2000w\" sizes=\"(max-width: 1024px) 100vw, 1024px\" \/><\/figure><\/div><div class=\"blockgallery--item\"><figure class=\"blockgallery--figure has-margin-left-15 has-margin-left-mobile-15 has-margin-right-15 has-margin-right-mobile-15\"><img decoding=\"async\" width=\"1024\" height=\"731\" src=\"https:\/\/www.espaceludopia.fr\/wp-content\/uploads\/2020\/05\/Ludopia33345Baisse2K-1024x731.jpg\" alt=\"\" data-id=\"538\" data-link=\"https:\/\/www.espaceludopia.fr\/famille-tribu\/ludopia33345baisse2k\/\" class=\"wp-image-538\" srcset=\"https:\/\/www.espaceludopia.fr\/wp-content\/uploads\/2020\/05\/Ludopia33345Baisse2K-1024x731.jpg 1024w, https:\/\/www.espaceludopia.fr\/wp-content\/uploads\/2020\/05\/Ludopia33345Baisse2K-300x214.jpg 300w, https:\/\/www.espaceludopia.fr\/wp-content\/uploads\/2020\/05\/Ludopia33345Baisse2K-768x548.jpg 768w, https:\/\/www.espaceludopia.fr\/wp-content\/uploads\/2020\/05\/Ludopia33345Baisse2K-1536x1097.jpg 1536w, https:\/\/www.espaceludopia.fr\/wp-content\/uploads\/2020\/05\/Ludopia33345Baisse2K.jpg 2000w\" sizes=\"(max-width: 1024px) 100vw, 1024px\" \/><\/figure><\/div><\/div><\/div><\/div>\n<\/div><\/div>\n\n\n\n<h3 class=\"wp-block-heading\">Algo para picar y zona de p\u00edcnic<\/h3>\n\n\n\n<p>Aperitivos dulces y salados, helados, pastelitos, bebidas calientes y fr\u00edas. Intentamos que sean productos bio.<\/p>\n\n\n\n<p>Tambi\u00e9n encontrar\u00e9is <strong>productos locales <\/strong>a la venta en nuestro parque: miel, mermelada, sirope, queso y vino blanco, depende de nuestros proveedores.<\/p>\n\n\n\n<p>Tienda de juegos y recuerdos ins\u00f3litos<\/p>\n\n\n\n<p><strong>Accesible con carrito de beb\u00e9<\/strong><\/p>\n\n\n\n<p>Espacio beb\u00e9<\/p>\n\n\n\n<p><strong>WC accesible<\/strong><\/p>\n\n\n\n<p><strong>Aparcamiento gratuito<\/strong><\/p>\n\n\n\n<h2 class=\"wp-block-heading\">Descubre nuestras propuestas de animaci\u00f3n<\/h2>\n\n\n\n<p>\u00a1Nos ocupamos de todo para que celebres tus <a href=\"https:\/\/www.espaceludopia.fr\/infos-pratiques\/nos-offres-danimations\/\">cumplea\u00f1os<\/a>!<\/p>\n\n\n\n<p>\u00bfQuiz\u00e1s quieres sorprender con un cheque regalo?<\/p>\n\n\n\n<p>Si prefieres animar tus fiestas, entretener a los invitados a una boda o preparar una despedida de soltero divertid\u00edsima, \u00a1alquila nuestros juegos o reserva nuestras propuestas de <a href=\"https:\/\/www.espaceludopia.fr\/infos-pratiques\/nos-offres-danimations\/\">juegos con animaci\u00f3n<\/a>!<\/p>\n","protected":false},"excerpt":{"rendered":"<p>El parque ofrece una tarifa especial para tribus, \u00a1nos encanta que Ludopia sea el lugar perfecto para reencontrarse con la familia y los amigos! Tarifas [&hellip;]<\/p>\n","protected":false},"author":1,"featured_media":3216,"parent":0,"menu_order":0,"comment_status":"closed","ping_status":"closed","template":"","meta":{"_acf_changed":false,"_seopress_robots_primary_cat":"","_seopress_titles_title":"","_seopress_titles_desc":"","_seopress_robots_index":"","footnotes":""},"class_list":["post-2692","page","type-page","status-publish","has-post-thumbnail"],"acf":[],"_links":{"self":[{"href":"https:\/\/www.espaceludopia.fr\/es\/wp-json\/wp\/v2\/pages\/2692","targetHints":{"allow":["GET"]}}],"collection":[{"href":"https:\/\/www.espaceludopia.fr\/es\/wp-json\/wp\/v2\/pages"}],"about":[{"href":"https:\/\/www.espaceludopia.fr\/es\/wp-json\/wp\/v2\/types\/page"}],"author":[{"embeddable":true,"href":"https:\/\/www.espaceludopia.fr\/es\/wp-json\/wp\/v2\/users\/1"}],"replies":[{"embeddable":true,"href":"https:\/\/www.espaceludopia.fr\/es\/wp-json\/wp\/v2\/comments?post=2692"}],"version-history":[{"count":3,"href":"https:\/\/www.espaceludopia.fr\/es\/wp-json\/wp\/v2\/pages\/2692\/revisions"}],"predecessor-version":[{"id":2700,"href":"https:\/\/www.espaceludopia.fr\/es\/wp-json\/wp\/v2\/pages\/2692\/revisions\/2700"}],"wp:featuredmedia":[{"embeddable":true,"href":"https:\/\/www.espaceludopia.fr\/es\/wp-json\/wp\/v2\/media\/3216"}],"wp:attachment":[{"href":"https:\/\/www.espaceludopia.fr\/es\/wp-json\/wp\/v2\/media?parent=2692"}],"curies":[{"name":"wp","href":"https:\/\/api.w.org\/{rel}","templated":true}]}}