{"id":2688,"date":"2023-05-01T10:01:26","date_gmt":"2023-05-01T08:01:26","guid":{"rendered":"https:\/\/www.espaceludopia.fr\/?page_id=2688"},"modified":"2023-05-01T10:01:27","modified_gmt":"2023-05-01T08:01:27","slug":"descubrir","status":"publish","type":"page","link":"https:\/\/www.espaceludopia.fr\/es\/descubrir\/","title":{"rendered":"\u00bfQui\u00e9nes somos?"},"content":{"rendered":"\n<p>A la hora de fabricar nuestros m\u00f3dulos, seguimos un planteamiento solidario y respetuoso con el medioambiente (<em>up-cycling<\/em>). Para eso, nos esforzamos mucho en utilizar materiales recuperados a los que podamos dar una segunda vida y aprovechamos madera de bosques naturales recogida de forma sostenible siempre que resulta posible. <\/p>\n\n\n\n<p>Intentamos que nuestro parque sea un lugar inaudito, reservado a las familias y a las personas que buscan un espacio original, con ganas de conocer nuevas formas de descubrir o divertirse, todo dentro de un entorno tranquilo y bien conservado, perfecto para disfrutar de este tipo de experiencias.<\/p>\n\n\n\n<h2 class=\"wp-block-heading\">El proyecto<\/h2>\n\n\n\n<p>La idea de Ludopia brota en nuestras mentes en el a\u00f1o 2011.<\/p>\n\n\n\n<p>Ten\u00edamos ganas de crear una actividad social y solidaria y estrechar lazos en el seno de nuestro hermoso valle de Aspe. Dese\u00e1bamos proponer un lugar, inmerso en un entorno privilegiado, en el que el placer del juego, compartido o individual, pudiera rodearse de experiencias innovadoras e inesperadas\u2026<\/p>\n\n\n\n<p>Quisimos crear todo esto al aire libre para permitir a nuestros visitantes gozar al m\u00e1ximo de las vistas sobre las monta\u00f1as que acompa\u00f1an estos momentos l\u00fadicos y los impregnan de su magia natural\u2026<\/p>\n\n\n\n<h2 class=\"wp-block-heading\">Historia<\/h2>\n\n\n\n<p>En 2013, nuestra idea se convirti\u00f3 en un proyecto que poco a poco ha ido despertando m\u00e1s entusiasmo, gracias a la energ\u00eda y la gran ayuda de nuestros voluntarios, colaboradores de car\u00e1cter p\u00fablico y privado que nos apoyan. La asociaci\u00f3n Ludopia naci\u00f3 como consecuencia de todo el trabajo realizado en este sentido y sus miembros est\u00e1n muy orgullosos de que la idea inicial se haya materializado en una realidad como esta.<\/p>\n\n\n\n<p>Ludopia, el parque ins\u00f3lito de los Pirineos franceses, espera daros la bienvenida muy pronto en Accous para compartir un buen rato en torno al juego y el descubrimiento de nuevas sensaciones.<\/p>\n\n\n\n<p>Este espacio tambi\u00e9n ha sido concebido con car\u00e1cter inclusivo, para permitir que las personas con discapacidad puedan descubrir la mayor parte de los m\u00f3dulos con total seguridad, tal y como pueden hacerlo ya en muchos de los lugares tur\u00edsticos accesibles de la regi\u00f3n francesa de Pyr\u00e9n\u00e9es Atlantiques.<\/p>\n\n\n\n<div class=\"wp-block-group alignfull mountain-bg\"><div class=\"wp-block-group__inner-container is-layout-flow wp-block-group-is-layout-flow\">\n<h2 class=\"wp-block-heading has-text-align-center\">Ludopia en im\u00e1genes<\/h2>\n\n\n\n<div class=\"wp-block-blockgallery-carousel\"><div class=\"is-cropped blockgallery has-no-alignment has-caption-style-dark has-horizontal-gutter\"><div class=\"has-carousel has-carousel-lrg\" style=\"height:499px\" data-flickity=\"{&quot;autoPlay&quot;:false,&quot;draggable&quot;:true,&quot;pageDots&quot;:false,&quot;prevNextButtons&quot;:true,&quot;wrapAround&quot;:true,&quot;arrowShape&quot;:{&quot;x0&quot;:10,&quot;x1&quot;:60,&quot;y1&quot;:50,&quot;x2&quot;:65,&quot;y2&quot;:45,&quot;x3&quot;:20}}\"><div class=\"blockgallery--item\"><figure class=\"blockgallery--figure has-margin-left-10 has-margin-left-mobile-5 has-margin-right-10 has-margin-right-mobile-5\"><img decoding=\"async\" width=\"1024\" height=\"731\" src=\"https:\/\/www.espaceludopia.fr\/wp-content\/uploads\/2020\/05\/Ludopia33322HAUTE-1024x731.jpg\" alt=\"\" data-id=\"515\" data-link=\"https:\/\/www.espaceludopia.fr\/decouvrir\/ludopia33322haute\/\" class=\"wp-image-515\" srcset=\"https:\/\/www.espaceludopia.fr\/wp-content\/uploads\/2020\/05\/Ludopia33322HAUTE-1024x731.jpg 1024w, https:\/\/www.espaceludopia.fr\/wp-content\/uploads\/2020\/05\/Ludopia33322HAUTE-300x214.jpg 300w, https:\/\/www.espaceludopia.fr\/wp-content\/uploads\/2020\/05\/Ludopia33322HAUTE-768x549.jpg 768w, https:\/\/www.espaceludopia.fr\/wp-content\/uploads\/2020\/05\/Ludopia33322HAUTE-1536x1097.jpg 1536w, https:\/\/www.espaceludopia.fr\/wp-content\/uploads\/2020\/05\/Ludopia33322HAUTE.jpg 1900w\" sizes=\"(max-width: 1024px) 100vw, 1024px\" \/><\/figure><\/div><div class=\"blockgallery--item\"><figure class=\"blockgallery--figure has-margin-left-10 has-margin-left-mobile-5 has-margin-right-10 has-margin-right-mobile-5\"><img decoding=\"async\" width=\"1024\" height=\"683\" src=\"https:\/\/www.espaceludopia.fr\/wp-content\/uploads\/2020\/05\/Ludopia23851HAUTE_Res-1024x683.jpg\" alt=\"\" data-id=\"511\" data-link=\"https:\/\/www.espaceludopia.fr\/decouvrir\/ludopia23851haute_res\/\" class=\"wp-image-511\" srcset=\"https:\/\/www.espaceludopia.fr\/wp-content\/uploads\/2020\/05\/Ludopia23851HAUTE_Res-1024x683.jpg 1024w, https:\/\/www.espaceludopia.fr\/wp-content\/uploads\/2020\/05\/Ludopia23851HAUTE_Res-300x200.jpg 300w, https:\/\/www.espaceludopia.fr\/wp-content\/uploads\/2020\/05\/Ludopia23851HAUTE_Res-768x513.jpg 768w, https:\/\/www.espaceludopia.fr\/wp-content\/uploads\/2020\/05\/Ludopia23851HAUTE_Res-1536x1025.jpg 1536w, https:\/\/www.espaceludopia.fr\/wp-content\/uploads\/2020\/05\/Ludopia23851HAUTE_Res.jpg 1900w\" sizes=\"(max-width: 1024px) 100vw, 1024px\" \/><\/figure><\/div><div class=\"blockgallery--item\"><figure class=\"blockgallery--figure has-margin-left-10 has-margin-left-mobile-5 has-margin-right-10 has-margin-right-mobile-5\"><img decoding=\"async\" width=\"1024\" height=\"683\" src=\"https:\/\/www.espaceludopia.fr\/wp-content\/uploads\/2020\/05\/Ludopia23673HAUTE_Res-1024x683.jpg\" alt=\"\" data-id=\"510\" data-link=\"https:\/\/www.espaceludopia.fr\/decouvrir\/ludopia23673haute_res\/\" class=\"wp-image-510\" srcset=\"https:\/\/www.espaceludopia.fr\/wp-content\/uploads\/2020\/05\/Ludopia23673HAUTE_Res-1024x683.jpg 1024w, https:\/\/www.espaceludopia.fr\/wp-content\/uploads\/2020\/05\/Ludopia23673HAUTE_Res-300x200.jpg 300w, https:\/\/www.espaceludopia.fr\/wp-content\/uploads\/2020\/05\/Ludopia23673HAUTE_Res-768x513.jpg 768w, https:\/\/www.espaceludopia.fr\/wp-content\/uploads\/2020\/05\/Ludopia23673HAUTE_Res-1536x1025.jpg 1536w, https:\/\/www.espaceludopia.fr\/wp-content\/uploads\/2020\/05\/Ludopia23673HAUTE_Res.jpg 1900w\" sizes=\"(max-width: 1024px) 100vw, 1024px\" \/><\/figure><\/div><div class=\"blockgallery--item\"><figure class=\"blockgallery--figure has-margin-left-10 has-margin-left-mobile-5 has-margin-right-10 has-margin-right-mobile-5\"><img decoding=\"async\" width=\"1024\" height=\"683\" src=\"https:\/\/www.espaceludopia.fr\/wp-content\/uploads\/2020\/05\/LUDOPIA27165HAUTE_Res-1024x683.jpg\" alt=\"\" data-id=\"512\" data-link=\"https:\/\/www.espaceludopia.fr\/decouvrir\/ludopia27165haute_res\/\" class=\"wp-image-512\" srcset=\"https:\/\/www.espaceludopia.fr\/wp-content\/uploads\/2020\/05\/LUDOPIA27165HAUTE_Res-1024x683.jpg 1024w, https:\/\/www.espaceludopia.fr\/wp-content\/uploads\/2020\/05\/LUDOPIA27165HAUTE_Res-300x200.jpg 300w, https:\/\/www.espaceludopia.fr\/wp-content\/uploads\/2020\/05\/LUDOPIA27165HAUTE_Res-768x513.jpg 768w, https:\/\/www.espaceludopia.fr\/wp-content\/uploads\/2020\/05\/LUDOPIA27165HAUTE_Res-1536x1025.jpg 1536w, https:\/\/www.espaceludopia.fr\/wp-content\/uploads\/2020\/05\/LUDOPIA27165HAUTE_Res.jpg 1900w\" sizes=\"(max-width: 1024px) 100vw, 1024px\" \/><\/figure><\/div><div class=\"blockgallery--item\"><figure class=\"blockgallery--figure has-margin-left-10 has-margin-left-mobile-5 has-margin-right-10 has-margin-right-mobile-5\"><img decoding=\"async\" width=\"1024\" height=\"683\" src=\"https:\/\/www.espaceludopia.fr\/wp-content\/uploads\/2020\/05\/LUDOPIA27300HAUTE_Res-1024x683.jpg\" alt=\"\" data-id=\"513\" data-link=\"https:\/\/www.espaceludopia.fr\/decouvrir\/ludopia27300haute_res\/\" class=\"wp-image-513\" srcset=\"https:\/\/www.espaceludopia.fr\/wp-content\/uploads\/2020\/05\/LUDOPIA27300HAUTE_Res-1024x683.jpg 1024w, https:\/\/www.espaceludopia.fr\/wp-content\/uploads\/2020\/05\/LUDOPIA27300HAUTE_Res-300x200.jpg 300w, https:\/\/www.espaceludopia.fr\/wp-content\/uploads\/2020\/05\/LUDOPIA27300HAUTE_Res-768x513.jpg 768w, https:\/\/www.espaceludopia.fr\/wp-content\/uploads\/2020\/05\/LUDOPIA27300HAUTE_Res-1536x1025.jpg 1536w, https:\/\/www.espaceludopia.fr\/wp-content\/uploads\/2020\/05\/LUDOPIA27300HAUTE_Res.jpg 1900w\" sizes=\"(max-width: 1024px) 100vw, 1024px\" \/><\/figure><\/div><div class=\"blockgallery--item\"><figure class=\"blockgallery--figure has-margin-left-10 has-margin-left-mobile-5 has-margin-right-10 has-margin-right-mobile-5\"><img decoding=\"async\" width=\"1024\" height=\"683\" src=\"https:\/\/www.espaceludopia.fr\/wp-content\/uploads\/2020\/05\/LUDOPIA27338HAUTE_Res-1024x683.jpg\" alt=\"\" data-id=\"514\" data-link=\"https:\/\/www.espaceludopia.fr\/decouvrir\/ludopia27338haute_res\/\" class=\"wp-image-514\" srcset=\"https:\/\/www.espaceludopia.fr\/wp-content\/uploads\/2020\/05\/LUDOPIA27338HAUTE_Res-1024x683.jpg 1024w, https:\/\/www.espaceludopia.fr\/wp-content\/uploads\/2020\/05\/LUDOPIA27338HAUTE_Res-300x200.jpg 300w, https:\/\/www.espaceludopia.fr\/wp-content\/uploads\/2020\/05\/LUDOPIA27338HAUTE_Res-768x513.jpg 768w, https:\/\/www.espaceludopia.fr\/wp-content\/uploads\/2020\/05\/LUDOPIA27338HAUTE_Res-1536x1025.jpg 1536w, https:\/\/www.espaceludopia.fr\/wp-content\/uploads\/2020\/05\/LUDOPIA27338HAUTE_Res.jpg 1900w\" sizes=\"(max-width: 1024px) 100vw, 1024px\" \/><\/figure><\/div><\/div><\/div><\/div>\n<\/div><\/div>\n\n\n\n<h2 class=\"wp-block-heading\">Sellos de calidad<\/h2>\n\n\n\n<div style=\"height:20px\" aria-hidden=\"true\" class=\"wp-block-spacer\"><\/div>\n\n\n\n<div class=\"wp-block-columns is-layout-flex wp-container-core-columns-is-layout-9d6595d7 wp-block-columns-is-layout-flex\">\n<div class=\"wp-block-column is-vertically-aligned-center is-layout-flow wp-block-column-is-layout-flow\" style=\"flex-basis:20%\">\n<figure class=\"wp-block-image size-large\"><img decoding=\"async\" width=\"280\" height=\"163\" src=\"https:\/\/www.espaceludopia.fr\/wp-content\/uploads\/2020\/05\/pnp.jpg\" alt=\"\" class=\"wp-image-519\"\/><\/figure>\n<\/div>\n\n\n\n<div class=\"wp-block-column is-vertically-aligned-center is-layout-flow wp-block-column-is-layout-flow\" style=\"flex-basis:80%\">\n<p><strong>Esprit Parc National \u2013 Pyr\u00e9n\u00e9es<\/strong><\/p>\n\n\n\n<p>Una distinci\u00f3n inspirada en la naturaleza\u2026 Esprit Parc National es una marca colectiva que reconoce a los agentes econ\u00f3micos del territorio que se unen en torno a una misma estrategia con la misma ambici\u00f3n de poner en valor sus productos y\/o servicios. Comprometidos con el respeto por el medioambiente y la protecci\u00f3n del territorio, este sello es portador de un mensaje de solidaridad porque favorece la econom\u00eda local, es un signo de confianza y de pertenencia reconocible para el consumidor.<\/p>\n\n\n\n<div style=\"height:20px\" aria-hidden=\"true\" class=\"wp-block-spacer\"><\/div>\n\n\n\n<div class=\"wp-block-buttons is-layout-flex wp-block-buttons-is-layout-flex\">\n<div class=\"wp-block-button is-style-fill\"><a class=\"wp-block-button__link wp-element-button\" href=\"https:\/\/www.espritparcnational.com\/diffuSEO\/node\/51\/accous\/espace-ludique-et-sensoriel-ludopia_PDT522.php\" style=\"border-radius:50px\" target=\"_blank\" rel=\"noreferrer noopener\">Saber m\u00e1s<\/a><\/div>\n<\/div>\n\n\n\n<p><\/p>\n<\/div>\n<\/div>\n\n\n\n<div class=\"wp-block-columns is-layout-flex wp-container-core-columns-is-layout-9d6595d7 wp-block-columns-is-layout-flex\">\n<div class=\"wp-block-column is-vertically-aligned-center is-layout-flow wp-block-column-is-layout-flow\" style=\"flex-basis:20%\">\n<figure class=\"wp-block-image size-large\"><img decoding=\"async\" width=\"876\" height=\"619\" src=\"https:\/\/www.espaceludopia.fr\/wp-content\/uploads\/2020\/05\/tourisme-handicap.jpg\" alt=\"\" class=\"wp-image-526\" srcset=\"https:\/\/www.espaceludopia.fr\/wp-content\/uploads\/2020\/05\/tourisme-handicap.jpg 876w, https:\/\/www.espaceludopia.fr\/wp-content\/uploads\/2020\/05\/tourisme-handicap-300x212.jpg 300w, https:\/\/www.espaceludopia.fr\/wp-content\/uploads\/2020\/05\/tourisme-handicap-768x543.jpg 768w\" sizes=\"(max-width: 876px) 100vw, 876px\" \/><\/figure>\n\n\n\n<p><\/p>\n<\/div>\n\n\n\n<div class=\"wp-block-column is-vertically-aligned-center is-layout-flow wp-block-column-is-layout-flow\" style=\"flex-basis:80%\">\n<p><strong>Tourisme et Handicap<\/strong><\/p>\n\n\n\n<p>La distinci\u00f3n estatal <em>Tourisme et Handicap<\/em> es una respuesta a las necesidades de personas en situaci\u00f3n de discapacidad que quieren elegir sus vacaciones y c\u00f3mo pasar su tiempo libre con total libertad. La marca garantiza una acogida eficaz y adaptada a las necesidades b\u00e1sicas de las personas con discapacidad. Los documentos utilizados para la evaluaci\u00f3n con car\u00e1cter previo a la certificaci\u00f3n fueron confeccionados junto a las asociaciones de servicios tur\u00edsticos y representantes de personas con discapacidad.<\/p>\n<\/div>\n<\/div>\n","protected":false},"excerpt":{"rendered":"<p>A la hora de fabricar nuestros m\u00f3dulos, seguimos un planteamiento solidario y respetuoso con el medioambiente (up-cycling). Para eso, nos esforzamos mucho en utilizar materiales [&hellip;]<\/p>\n","protected":false},"author":1,"featured_media":2335,"parent":0,"menu_order":0,"comment_status":"closed","ping_status":"closed","template":"","meta":{"_acf_changed":false,"_seopress_robots_primary_cat":"","_seopress_titles_title":"","_seopress_titles_desc":"","_seopress_robots_index":"","footnotes":""},"class_list":["post-2688","page","type-page","status-publish","has-post-thumbnail"],"acf":[],"_links":{"self":[{"href":"https:\/\/www.espaceludopia.fr\/es\/wp-json\/wp\/v2\/pages\/2688","targetHints":{"allow":["GET"]}}],"collection":[{"href":"https:\/\/www.espaceludopia.fr\/es\/wp-json\/wp\/v2\/pages"}],"about":[{"href":"https:\/\/www.espaceludopia.fr\/es\/wp-json\/wp\/v2\/types\/page"}],"author":[{"embeddable":true,"href":"https:\/\/www.espaceludopia.fr\/es\/wp-json\/wp\/v2\/users\/1"}],"replies":[{"embeddable":true,"href":"https:\/\/www.espaceludopia.fr\/es\/wp-json\/wp\/v2\/comments?post=2688"}],"version-history":[{"count":1,"href":"https:\/\/www.espaceludopia.fr\/es\/wp-json\/wp\/v2\/pages\/2688\/revisions"}],"predecessor-version":[{"id":2691,"href":"https:\/\/www.espaceludopia.fr\/es\/wp-json\/wp\/v2\/pages\/2688\/revisions\/2691"}],"wp:featuredmedia":[{"embeddable":true,"href":"https:\/\/www.espaceludopia.fr\/es\/wp-json\/wp\/v2\/media\/2335"}],"wp:attachment":[{"href":"https:\/\/www.espaceludopia.fr\/es\/wp-json\/wp\/v2\/media?parent=2688"}],"curies":[{"name":"wp","href":"https:\/\/api.w.org\/{rel}","templated":true}]}}